{"id":3621,"date":"2024-05-28T05:09:15","date_gmt":"2024-05-28T08:09:15","guid":{"rendered":"https:\/\/e-poster.com.br\/?page_id=3621"},"modified":"2026-03-05T09:47:36","modified_gmt":"2026-03-05T12:47:36","slug":"dic2025","status":"publish","type":"page","link":"https:\/\/e-poster.com.br\/envio\/dic2025\/","title":{"rendered":"CONGRESSO DIC 2025"},"content":{"rendered":"<p>[vc_row][vc_column][vc_single_image image=&#8221;4233&#8243; img_size=&#8221;full&#8221; alignment=&#8221;center&#8221;][vc_empty_space height=&#8221;15px&#8221;][\/vc_column][\/vc_row][vc_row][vc_column width=&#8221;1\/2&#8243;][vc_column_text]<strong>Modalidade P\u00f4ster Eletr\u00f4nico (E\u2013Poster) \u2013 Orienta\u00e7\u00f5es e Normas para envio<\/strong><\/p>\n<p>Colocar o n\u00famero do P\u00f4ster com tamanho de f\u00e1cil visualiza\u00e7\u00e3o, no canto superior ESQUERDO;<\/p>\n<p>Data limite para submiss\u00e3o do E-poster: <strong>10\/10\/2025<\/strong><\/p>\n<p>Os trabalhos na modalidade P\u00f4ster dever\u00e3o ser enviados eletronicamente (E-Poster), ou seja, os trabalhos que ser\u00e3o apresentados n\u00e3o precisar\u00e3o ser impressos;<\/p>\n<p><strong>Configura\u00e7\u00e3o da p\u00e1gina no Power point:<\/strong><\/p>\n<p>Arquivo desenvolvido em Power Point (.ppt, .pptx) ou outro programa similar, em um \u00fanico slide e salvo em formato PPT, PPTX ou PDF;<br \/>\nA apresenta\u00e7\u00e3o poder\u00e1 conter no m\u00e1ximo uma p\u00e1gina (slide);<br \/>\nConfigura\u00e7\u00e3o de tamanho de p\u00e1gina: 15,752 cm x 28,002 cm (largura x altura);<br \/>\nSlide dimensionado para \u201cPersonalizar\u201d orienta\u00e7\u00e3o retrato;<br \/>\nTipo de fonte e tamanho de letra sugerido: Arial ou Calibri, tamanho m\u00ednimo 16 para o t\u00edtulo, 8 para conte\u00fados gerais e refer\u00eancias;<br \/>\nUse o it\u00e1lico somente para indicar termos em outros idiomas.<br \/>\nPara evitar cortes nos textos, \u00e9 importante que as margens laterais utilizadas no modelo sejam respeitadas.<\/p>\n<p><strong>Sugere-se que o poster seja estruturado contemplando os seguintes subt\u00edtulos:<\/strong><br \/>\nT\u00edtulo<br \/>\nAutores e afilia\u00e7\u00f5es institucionais<br \/>\nE-mail de contato do autor principal<br \/>\nIntrodu\u00e7\u00e3o<br \/>\nObjetivo(s)<br \/>\nMetodologia<br \/>\nResultados<br \/>\nDiscuss\u00e3o<br \/>\nConclus\u00e3o(\u00f5es)<br \/>\nRefer\u00eancias<\/p>\n<p><strong>Os relatos de caso dever\u00e3o ser estruturados em:<\/strong><br \/>\nApresenta\u00e7\u00e3o do Caso<br \/>\nDiscuss\u00e3o<br \/>\nComent\u00e1rios Finais<br \/>\nRefer\u00eancias<\/p>\n<p>O t\u00edtulo do E-Poster deve ser id\u00eantico ao do resumo. Abaixo do t\u00edtulo dever\u00e1 estar o nome dos autores e suas respectivas institui\u00e7\u00f5es. Quando houver mais de um autor, separ\u00e1-los por ponto e v\u00edrgula.<br \/>\n\u00c9 permitida a utiliza\u00e7\u00e3o de imagens e gr\u00e1ficos est\u00e1ticos.<br \/>\nO modelo disponibilizado para download est\u00e1 configurado nas dimens\u00f5es adequadas para os equipamentos que ser\u00e3o utilizados no evento. O conte\u00fado de texto e plano de fundo inclu\u00eddos no modelo s\u00e3o apenas uma sugest\u00e3o, podendo ser editados livremente, conforme a necessidade de cada autor.[\/vc_column_text][\/vc_column][vc_column width=&#8221;1\/2&#8243;][vc_column_text]<strong>DOWNLOAD<\/strong>[\/vc_column_text][vc_empty_space height=&#8221;10px&#8221;]<div style=\"text-align:center\"><a style=\"color:#ffffff !important;border-radius:30px;background-color:#3d90e2;border-color:#3d90e2;\" class=\"wbc-button button btn-primary no-hover\" href=\"https:\/\/e-poster.com.br\/envio\/wp-content\/uploads\/2025\/09\/dic2025-template.pptx\" target=\"_self\"  >DOWNLOAD DO TEMPLATE (POWER POINT)<\/a><\/div>[vc_empty_space][vc_column_text]<strong>SUBMISS\u00c3O DO E-POSTER<\/strong>[\/vc_column_text][vc_column_text][\/vc_column_text][\/vc_column][\/vc_row]<\/p>\n","protected":false},"excerpt":{"rendered":"<p>[vc_row][vc_column][vc_single_image image=&#8221;4233&#8243; img_size=&#8221;full&#8221; alignment=&#8221;center&#8221;][vc_empty_space height=&#8221;15px&#8221;][\/vc_column][\/vc_row][vc_row][vc_column width=&#8221;1\/2&#8243;][vc_column_text]Modalidade P\u00f4ster Eletr\u00f4nico (E\u2013Poster) \u2013 Orienta\u00e7\u00f5es e Normas para envio Colocar o n\u00famero do P\u00f4ster com tamanho de f\u00e1cil visualiza\u00e7\u00e3o, no canto superior ESQUERDO; Data limite para submiss\u00e3o do E-poster: 10\/10\/2025 Os trabalhos na modalidade P\u00f4ster dever\u00e3o ser enviados eletronicamente (E-Poster), ou seja, os trabalhos que ser\u00e3o apresentados n\u00e3o precisar\u00e3o [&hellip;]<\/p>\n","protected":false},"author":1,"featured_media":4232,"parent":0,"menu_order":0,"comment_status":"closed","ping_status":"closed","template":"","meta":{"footnotes":""},"class_list":["post-3621","page","type-page","status-publish","has-post-thumbnail","hentry"],"yoast_head":"<!-- This site is optimized with the Yoast SEO plugin v20.13 - https:\/\/yoast.com\/wordpress\/plugins\/seo\/ -->\n<title>CONGRESSO DIC 2025 - E-poster<\/title>\n<meta name=\"description\" content=\"SUBMISS\u00c3O E-POSTER\" \/>\n<meta name=\"robots\" content=\"index, follow, max-snippet:-1, max-image-preview:large, max-video-preview:-1\" \/>\n<link rel=\"canonical\" href=\"https:\/\/e-poster.com.br\/envio\/dic2025\/\" \/>\n<meta property=\"og:locale\" content=\"pt_BR\" \/>\n<meta property=\"og:type\" content=\"article\" \/>\n<meta property=\"og:title\" content=\"CONGRESSO DIC 2025 - E-poster\" \/>\n<meta property=\"og:description\" content=\"SUBMISS\u00c3O E-POSTER\" \/>\n<meta property=\"og:url\" content=\"https:\/\/e-poster.com.br\/envio\/dic2025\/\" \/>\n<meta property=\"og:site_name\" content=\"E-poster\" \/>\n<meta property=\"article:modified_time\" content=\"2026-03-05T12:47:36+00:00\" \/>\n<meta property=\"og:image\" content=\"http:\/\/e-poster.com.br\/envio\/wp-content\/uploads\/2025\/09\/dstk-3.jpg\" \/>\n\t<meta property=\"og:image:width\" content=\"1080\" \/>\n\t<meta property=\"og:image:height\" content=\"773\" \/>\n\t<meta property=\"og:image:type\" content=\"image\/jpeg\" \/>\n<meta name=\"twitter:card\" content=\"summary_large_image\" \/>\n<meta name=\"twitter:label1\" content=\"Est. tempo de leitura\" \/>\n\t<meta name=\"twitter:data1\" content=\"2 minutos\" \/>\n<script type=\"application\/ld+json\" class=\"yoast-schema-graph\">{\"@context\":\"https:\/\/schema.org\",\"@graph\":[{\"@type\":\"WebPage\",\"@id\":\"https:\/\/e-poster.com.br\/envio\/dic2025\/\",\"url\":\"https:\/\/e-poster.com.br\/envio\/dic2025\/\",\"name\":\"CONGRESSO DIC 2025 - E-poster\",\"isPartOf\":{\"@id\":\"https:\/\/e-poster.com.br\/envio\/#website\"},\"datePublished\":\"2024-05-28T08:09:15+00:00\",\"dateModified\":\"2026-03-05T12:47:36+00:00\",\"description\":\"SUBMISS\u00c3O E-POSTER\",\"breadcrumb\":{\"@id\":\"https:\/\/e-poster.com.br\/envio\/dic2025\/#breadcrumb\"},\"inLanguage\":\"pt-BR\",\"potentialAction\":[{\"@type\":\"ReadAction\",\"target\":[\"https:\/\/e-poster.com.br\/envio\/dic2025\/\"]}]},{\"@type\":\"BreadcrumbList\",\"@id\":\"https:\/\/e-poster.com.br\/envio\/dic2025\/#breadcrumb\",\"itemListElement\":[{\"@type\":\"ListItem\",\"position\":1,\"name\":\"In\u00edcio\",\"item\":\"https:\/\/e-poster.com.br\/envio\/\"},{\"@type\":\"ListItem\",\"position\":2,\"name\":\"CONGRESSO DIC 2025\"}]},{\"@type\":\"WebSite\",\"@id\":\"https:\/\/e-poster.com.br\/envio\/#website\",\"url\":\"https:\/\/e-poster.com.br\/envio\/\",\"name\":\"E-poster\",\"description\":\"A Revolu\u00e7\u00e3o dos Eventos Cient\u00edficos\",\"publisher\":{\"@id\":\"https:\/\/e-poster.com.br\/envio\/#organization\"},\"potentialAction\":[{\"@type\":\"SearchAction\",\"target\":{\"@type\":\"EntryPoint\",\"urlTemplate\":\"https:\/\/e-poster.com.br\/envio\/?s={search_term_string}\"},\"query-input\":\"required name=search_term_string\"}],\"inLanguage\":\"pt-BR\"},{\"@type\":\"Organization\",\"@id\":\"https:\/\/e-poster.com.br\/envio\/#organization\",\"name\":\"E-poster\",\"url\":\"https:\/\/e-poster.com.br\/envio\/\",\"logo\":{\"@type\":\"ImageObject\",\"inLanguage\":\"pt-BR\",\"@id\":\"https:\/\/e-poster.com.br\/envio\/#\/schema\/logo\/image\/\",\"url\":\"https:\/\/e-poster.com.br\/wp-content\/uploads\/2016\/12\/logo-e-poster.png\",\"contentUrl\":\"https:\/\/e-poster.com.br\/wp-content\/uploads\/2016\/12\/logo-e-poster.png\",\"width\":800,\"height\":240,\"caption\":\"E-poster\"},\"image\":{\"@id\":\"https:\/\/e-poster.com.br\/envio\/#\/schema\/logo\/image\/\"}}]}<\/script>\n<!-- \/ Yoast SEO plugin. -->","yoast_head_json":{"title":"CONGRESSO DIC 2025 - E-poster","description":"SUBMISS\u00c3O E-POSTER","robots":{"index":"index","follow":"follow","max-snippet":"max-snippet:-1","max-image-preview":"max-image-preview:large","max-video-preview":"max-video-preview:-1"},"canonical":"https:\/\/e-poster.com.br\/envio\/dic2025\/","og_locale":"pt_BR","og_type":"article","og_title":"CONGRESSO DIC 2025 - E-poster","og_description":"SUBMISS\u00c3O E-POSTER","og_url":"https:\/\/e-poster.com.br\/envio\/dic2025\/","og_site_name":"E-poster","article_modified_time":"2026-03-05T12:47:36+00:00","og_image":[{"width":1080,"height":773,"url":"http:\/\/e-poster.com.br\/envio\/wp-content\/uploads\/2025\/09\/dstk-3.jpg","type":"image\/jpeg"}],"twitter_card":"summary_large_image","twitter_misc":{"Est. tempo de leitura":"2 minutos"},"schema":{"@context":"https:\/\/schema.org","@graph":[{"@type":"WebPage","@id":"https:\/\/e-poster.com.br\/envio\/dic2025\/","url":"https:\/\/e-poster.com.br\/envio\/dic2025\/","name":"CONGRESSO DIC 2025 - E-poster","isPartOf":{"@id":"https:\/\/e-poster.com.br\/envio\/#website"},"datePublished":"2024-05-28T08:09:15+00:00","dateModified":"2026-03-05T12:47:36+00:00","description":"SUBMISS\u00c3O E-POSTER","breadcrumb":{"@id":"https:\/\/e-poster.com.br\/envio\/dic2025\/#breadcrumb"},"inLanguage":"pt-BR","potentialAction":[{"@type":"ReadAction","target":["https:\/\/e-poster.com.br\/envio\/dic2025\/"]}]},{"@type":"BreadcrumbList","@id":"https:\/\/e-poster.com.br\/envio\/dic2025\/#breadcrumb","itemListElement":[{"@type":"ListItem","position":1,"name":"In\u00edcio","item":"https:\/\/e-poster.com.br\/envio\/"},{"@type":"ListItem","position":2,"name":"CONGRESSO DIC 2025"}]},{"@type":"WebSite","@id":"https:\/\/e-poster.com.br\/envio\/#website","url":"https:\/\/e-poster.com.br\/envio\/","name":"E-poster","description":"A Revolu\u00e7\u00e3o dos Eventos Cient\u00edficos","publisher":{"@id":"https:\/\/e-poster.com.br\/envio\/#organization"},"potentialAction":[{"@type":"SearchAction","target":{"@type":"EntryPoint","urlTemplate":"https:\/\/e-poster.com.br\/envio\/?s={search_term_string}"},"query-input":"required name=search_term_string"}],"inLanguage":"pt-BR"},{"@type":"Organization","@id":"https:\/\/e-poster.com.br\/envio\/#organization","name":"E-poster","url":"https:\/\/e-poster.com.br\/envio\/","logo":{"@type":"ImageObject","inLanguage":"pt-BR","@id":"https:\/\/e-poster.com.br\/envio\/#\/schema\/logo\/image\/","url":"https:\/\/e-poster.com.br\/wp-content\/uploads\/2016\/12\/logo-e-poster.png","contentUrl":"https:\/\/e-poster.com.br\/wp-content\/uploads\/2016\/12\/logo-e-poster.png","width":800,"height":240,"caption":"E-poster"},"image":{"@id":"https:\/\/e-poster.com.br\/envio\/#\/schema\/logo\/image\/"}}]}},"_links":{"self":[{"href":"https:\/\/e-poster.com.br\/envio\/wp-json\/wp\/v2\/pages\/3621","targetHints":{"allow":["GET"]}}],"collection":[{"href":"https:\/\/e-poster.com.br\/envio\/wp-json\/wp\/v2\/pages"}],"about":[{"href":"https:\/\/e-poster.com.br\/envio\/wp-json\/wp\/v2\/types\/page"}],"author":[{"embeddable":true,"href":"https:\/\/e-poster.com.br\/envio\/wp-json\/wp\/v2\/users\/1"}],"replies":[{"embeddable":true,"href":"https:\/\/e-poster.com.br\/envio\/wp-json\/wp\/v2\/comments?post=3621"}],"version-history":[{"count":4,"href":"https:\/\/e-poster.com.br\/envio\/wp-json\/wp\/v2\/pages\/3621\/revisions"}],"predecessor-version":[{"id":4303,"href":"https:\/\/e-poster.com.br\/envio\/wp-json\/wp\/v2\/pages\/3621\/revisions\/4303"}],"wp:featuredmedia":[{"embeddable":true,"href":"https:\/\/e-poster.com.br\/envio\/wp-json\/wp\/v2\/media\/4232"}],"wp:attachment":[{"href":"https:\/\/e-poster.com.br\/envio\/wp-json\/wp\/v2\/media?parent=3621"}],"curies":[{"name":"wp","href":"https:\/\/api.w.org\/{rel}","templated":true}]}}