{"id":4457,"date":"2026-02-03T07:00:18","date_gmt":"2026-02-03T10:00:18","guid":{"rendered":"https:\/\/e-poster.com.br\/envio\/?page_id=4457"},"modified":"2026-03-06T21:06:15","modified_gmt":"2026-03-07T00:06:15","slug":"alcp2026","status":"publish","type":"page","link":"https:\/\/e-poster.com.br\/envio\/alcp2026\/","title":{"rendered":"ENVIO DE E-POSTER ANCP\/ALCP 2026 &#8211; ES"},"content":{"rendered":"<p>[vc_row][vc_column][vc_single_image image=&#8221;4450&#8243; img_size=&#8221;full&#8221; alignment=&#8221;center&#8221;][vc_empty_space height=&#8221;15px&#8221;][vc_empty_space height=&#8221;15px&#8221;][vc_empty_space height=&#8221;15px&#8221;][\/vc_column][\/vc_row][vc_row][vc_column width=&#8221;1\/2&#8243;][vc_column_text]<strong>Cuidados Paliativos \u2013 Instrucciones E\u2011P\u00f3ster<\/strong><\/p>\n<p>&nbsp;<\/p>\n<p>Modalidad P\u00f3ster Electr\u00f3nico (E\u2011P\u00f3ster) \u2013 Orientaciones y Normas de Env\u00edo<\/p>\n<p>&nbsp;<\/p>\n<p>Colocar el ID del trabajo (Campo C\u00f3digo \u2013 cuatro d\u00edgitos proporcionados por la organizaci\u00f3n del congreso), con tama\u00f1o de f\u00e1cil visualizaci\u00f3n, en la esquina superior IZQUIERDA.<\/p>\n<p>&nbsp;<\/p>\n<p><strong>Fecha l\u00edmite para la presentaci\u00f3n del E<\/strong><strong>\u2011<\/strong><strong>p\u00f3ster: 09\/03\/2026<\/strong><\/p>\n<p>&nbsp;<\/p>\n<p>Los trabajos en la modalidad P\u00f3ster deber\u00e1n enviarse electr\u00f3nicamente (E\u2011P\u00f3ster) y estar\u00e1n disponibles en t\u00f3tems digitales. Por lo tanto, no es necesario imprimir.<\/p>\n<p>Importante: est\u00e9 atento a la programaci\u00f3n del evento y no pierda el horario de la sesi\u00f3n de p\u00f3ster. No habr\u00e1 presentaci\u00f3n oral; sin embargo, los p\u00f3steres permanecer\u00e1n expuestos durante todo el evento.<\/p>\n<p>&nbsp;<\/p>\n<p>Configuraci\u00f3n de la p\u00e1gina en PowerPoint:<\/p>\n<p>&nbsp;<\/p>\n<p>Archivo desarrollado en PowerPoint (.ppt, .pptx) u otro programa similar, en una sola diapositiva y guardado en formato PPT, PPTX o PDF;<\/p>\n<p>La presentaci\u00f3n podr\u00e1 contener como m\u00e1ximo una p\u00e1gina (diapositiva);<\/p>\n<p>Configuraci\u00f3n del tama\u00f1o de p\u00e1gina: 14,292 cm x 25,4 cm cm (ancho x alto);<\/p>\n<p>Diapositiva configurada como \u201cPersonalizar\u201d, orientaci\u00f3n vertical;<\/p>\n<p>Use cursiva solo para indicar t\u00e9rminos en otros idiomas.<\/p>\n<p>Para evitar cortes en los textos, es importante respetar los m\u00e1rgenes laterales utilizados en el modelo.<\/p>\n<p>&nbsp;<\/p>\n<p>Se sugiere que el p\u00f3ster est\u00e9 estructurado con los siguientes subt\u00edtulos:<\/p>\n<p>&nbsp;<\/p>\n<ul>\n<li>T\u00edtulo<\/li>\n<li>Autores y afiliaciones institucionales<\/li>\n<li>Correo electr\u00f3nico de contacto del autor principal<\/li>\n<li>Introducci\u00f3n<\/li>\n<li>Objetivo<\/li>\n<li>M\u00e9todo<\/li>\n<li>Resultados<\/li>\n<li>Conclusi\u00f3n<\/li>\n<\/ul>\n<p>&nbsp;<\/p>\n<p>Los reportes de caso deber\u00e1n estructurarse en:<\/p>\n<p>&nbsp;<\/p>\n<ul>\n<li>T\u00edtulo<\/li>\n<li>Autores y afiliaciones institucionales<\/li>\n<li>Correo electr\u00f3nico de contacto del autor principal<\/li>\n<li>Presentaci\u00f3n del Caso<\/li>\n<li>Discusi\u00f3n<\/li>\n<li>Consideraciones Finales<\/li>\n<\/ul>\n<p>&nbsp;<\/p>\n<p>Para reportes de caso, es obligatorio que el caso haya sido aprobado por un Comit\u00e9 de \u00c9tica o que cuente con la firma del Consentimiento Informado (TCLE).<\/p>\n<p>&nbsp;<\/p>\n<p>El t\u00edtulo del E\u2011P\u00f3ster debe ser id\u00e9ntico al del resumen. Debajo del t\u00edtulo deben figurar los nombres de los autores y sus respectivas instituciones. Cuando haya m\u00e1s de un autor, separarlos con punto y coma.<\/p>\n<p>&nbsp;<\/p>\n<p>Se permite el uso de im\u00e1genes y gr\u00e1ficos est\u00e1ticos.<\/p>\n<p>El modelo disponible para descarga est\u00e1 configurado con las dimensiones adecuadas para los equipos que se utilizar\u00e1n en el evento.<\/p>\n<p>El contenido de texto y el fondo incluidos en el modelo son solo una sugerencia y pueden editarse libremente seg\u00fan la necesidad de cada autor.[\/vc_column_text][\/vc_column][vc_column width=&#8221;1\/2&#8243;][vc_column_text]<strong>DOWNLOAD<\/strong>[\/vc_column_text][vc_empty_space height=&#8221;10px&#8221;]<div style=\"text-align:center\"><a style=\"color:#ffffff !important;border-radius:30px;background-color:#3d90e2;border-color:#3d90e2;\" class=\"wbc-button button btn-primary no-hover\" href=\"https:\/\/e-poster.com.br\/envio\/wp-content\/uploads\/2026\/02\/eposter-template-anc.pptx\" target=\"_self\"  >DOWNLOAD DO TEMPLATE (POWER POINT)<\/a><\/div>[vc_empty_space][vc_column_text]<strong>SUBMISS\u00c3O DO E-POSTER<\/strong>[\/vc_column_text][vc_column_text][\/vc_column_text][\/vc_column][\/vc_row]<\/p>\n","protected":false},"excerpt":{"rendered":"<p>[vc_row][vc_column][vc_single_image image=&#8221;4450&#8243; img_size=&#8221;full&#8221; alignment=&#8221;center&#8221;][vc_empty_space height=&#8221;15px&#8221;][vc_empty_space height=&#8221;15px&#8221;][vc_empty_space height=&#8221;15px&#8221;][\/vc_column][\/vc_row][vc_row][vc_column width=&#8221;1\/2&#8243;][vc_column_text]Cuidados Paliativos \u2013 Instrucciones E\u2011P\u00f3ster &nbsp; Modalidad P\u00f3ster Electr\u00f3nico (E\u2011P\u00f3ster) \u2013 Orientaciones y Normas de Env\u00edo &nbsp; Colocar el ID del trabajo (Campo C\u00f3digo \u2013 cuatro d\u00edgitos proporcionados por la organizaci\u00f3n del congreso), con tama\u00f1o de f\u00e1cil visualizaci\u00f3n, en la esquina superior IZQUIERDA. &nbsp; Fecha l\u00edmite para la [&hellip;]<\/p>\n","protected":false},"author":1,"featured_media":4456,"parent":0,"menu_order":0,"comment_status":"closed","ping_status":"closed","template":"","meta":{"footnotes":""},"class_list":["post-4457","page","type-page","status-publish","has-post-thumbnail","hentry"],"yoast_head":"<!-- This site is optimized with the Yoast SEO plugin v20.13 - https:\/\/yoast.com\/wordpress\/plugins\/seo\/ -->\n<title>ENVIO DE E-POSTER ANCP\/ALCP 2026 - ES - E-poster<\/title>\n<meta name=\"description\" content=\"SUBMISS\u00c3O E-POSTER\" \/>\n<meta name=\"robots\" content=\"index, follow, max-snippet:-1, max-image-preview:large, max-video-preview:-1\" \/>\n<link rel=\"canonical\" href=\"https:\/\/e-poster.com.br\/envio\/alcp2026\/\" \/>\n<meta property=\"og:locale\" content=\"pt_BR\" \/>\n<meta property=\"og:type\" content=\"article\" \/>\n<meta property=\"og:title\" content=\"ENVIO DE E-POSTER ANCP\/ALCP 2026 - ES - E-poster\" \/>\n<meta property=\"og:description\" content=\"SUBMISS\u00c3O E-POSTER\" \/>\n<meta property=\"og:url\" content=\"https:\/\/e-poster.com.br\/envio\/alcp2026\/\" \/>\n<meta property=\"og:site_name\" content=\"E-poster\" \/>\n<meta property=\"article:modified_time\" content=\"2026-03-07T00:06:15+00:00\" \/>\n<meta property=\"og:image\" content=\"http:\/\/e-poster.com.br\/envio\/wp-content\/uploads\/2026\/02\/dstk.jpg\" \/>\n\t<meta property=\"og:image:width\" content=\"1080\" \/>\n\t<meta property=\"og:image:height\" content=\"1080\" \/>\n\t<meta property=\"og:image:type\" content=\"image\/jpeg\" \/>\n<meta name=\"twitter:card\" content=\"summary_large_image\" \/>\n<meta name=\"twitter:label1\" content=\"Est. tempo de leitura\" \/>\n\t<meta name=\"twitter:data1\" content=\"3 minutos\" \/>\n<script type=\"application\/ld+json\" class=\"yoast-schema-graph\">{\"@context\":\"https:\/\/schema.org\",\"@graph\":[{\"@type\":\"WebPage\",\"@id\":\"https:\/\/e-poster.com.br\/envio\/alcp2026\/\",\"url\":\"https:\/\/e-poster.com.br\/envio\/alcp2026\/\",\"name\":\"ENVIO DE E-POSTER ANCP\/ALCP 2026 - ES - E-poster\",\"isPartOf\":{\"@id\":\"https:\/\/e-poster.com.br\/envio\/#website\"},\"datePublished\":\"2026-02-03T10:00:18+00:00\",\"dateModified\":\"2026-03-07T00:06:15+00:00\",\"description\":\"SUBMISS\u00c3O E-POSTER\",\"breadcrumb\":{\"@id\":\"https:\/\/e-poster.com.br\/envio\/alcp2026\/#breadcrumb\"},\"inLanguage\":\"pt-BR\",\"potentialAction\":[{\"@type\":\"ReadAction\",\"target\":[\"https:\/\/e-poster.com.br\/envio\/alcp2026\/\"]}]},{\"@type\":\"BreadcrumbList\",\"@id\":\"https:\/\/e-poster.com.br\/envio\/alcp2026\/#breadcrumb\",\"itemListElement\":[{\"@type\":\"ListItem\",\"position\":1,\"name\":\"In\u00edcio\",\"item\":\"https:\/\/e-poster.com.br\/envio\/\"},{\"@type\":\"ListItem\",\"position\":2,\"name\":\"ENVIO DE E-POSTER ANCP\/ALCP 2026 &#8211; ES\"}]},{\"@type\":\"WebSite\",\"@id\":\"https:\/\/e-poster.com.br\/envio\/#website\",\"url\":\"https:\/\/e-poster.com.br\/envio\/\",\"name\":\"E-poster\",\"description\":\"A Revolu\u00e7\u00e3o dos Eventos Cient\u00edficos\",\"publisher\":{\"@id\":\"https:\/\/e-poster.com.br\/envio\/#organization\"},\"potentialAction\":[{\"@type\":\"SearchAction\",\"target\":{\"@type\":\"EntryPoint\",\"urlTemplate\":\"https:\/\/e-poster.com.br\/envio\/?s={search_term_string}\"},\"query-input\":\"required name=search_term_string\"}],\"inLanguage\":\"pt-BR\"},{\"@type\":\"Organization\",\"@id\":\"https:\/\/e-poster.com.br\/envio\/#organization\",\"name\":\"E-poster\",\"url\":\"https:\/\/e-poster.com.br\/envio\/\",\"logo\":{\"@type\":\"ImageObject\",\"inLanguage\":\"pt-BR\",\"@id\":\"https:\/\/e-poster.com.br\/envio\/#\/schema\/logo\/image\/\",\"url\":\"https:\/\/e-poster.com.br\/wp-content\/uploads\/2016\/12\/logo-e-poster.png\",\"contentUrl\":\"https:\/\/e-poster.com.br\/wp-content\/uploads\/2016\/12\/logo-e-poster.png\",\"width\":800,\"height\":240,\"caption\":\"E-poster\"},\"image\":{\"@id\":\"https:\/\/e-poster.com.br\/envio\/#\/schema\/logo\/image\/\"}}]}<\/script>\n<!-- \/ Yoast SEO plugin. -->","yoast_head_json":{"title":"ENVIO DE E-POSTER ANCP\/ALCP 2026 - ES - E-poster","description":"SUBMISS\u00c3O E-POSTER","robots":{"index":"index","follow":"follow","max-snippet":"max-snippet:-1","max-image-preview":"max-image-preview:large","max-video-preview":"max-video-preview:-1"},"canonical":"https:\/\/e-poster.com.br\/envio\/alcp2026\/","og_locale":"pt_BR","og_type":"article","og_title":"ENVIO DE E-POSTER ANCP\/ALCP 2026 - ES - E-poster","og_description":"SUBMISS\u00c3O E-POSTER","og_url":"https:\/\/e-poster.com.br\/envio\/alcp2026\/","og_site_name":"E-poster","article_modified_time":"2026-03-07T00:06:15+00:00","og_image":[{"width":1080,"height":1080,"url":"http:\/\/e-poster.com.br\/envio\/wp-content\/uploads\/2026\/02\/dstk.jpg","type":"image\/jpeg"}],"twitter_card":"summary_large_image","twitter_misc":{"Est. tempo de leitura":"3 minutos"},"schema":{"@context":"https:\/\/schema.org","@graph":[{"@type":"WebPage","@id":"https:\/\/e-poster.com.br\/envio\/alcp2026\/","url":"https:\/\/e-poster.com.br\/envio\/alcp2026\/","name":"ENVIO DE E-POSTER ANCP\/ALCP 2026 - ES - E-poster","isPartOf":{"@id":"https:\/\/e-poster.com.br\/envio\/#website"},"datePublished":"2026-02-03T10:00:18+00:00","dateModified":"2026-03-07T00:06:15+00:00","description":"SUBMISS\u00c3O E-POSTER","breadcrumb":{"@id":"https:\/\/e-poster.com.br\/envio\/alcp2026\/#breadcrumb"},"inLanguage":"pt-BR","potentialAction":[{"@type":"ReadAction","target":["https:\/\/e-poster.com.br\/envio\/alcp2026\/"]}]},{"@type":"BreadcrumbList","@id":"https:\/\/e-poster.com.br\/envio\/alcp2026\/#breadcrumb","itemListElement":[{"@type":"ListItem","position":1,"name":"In\u00edcio","item":"https:\/\/e-poster.com.br\/envio\/"},{"@type":"ListItem","position":2,"name":"ENVIO DE E-POSTER ANCP\/ALCP 2026 &#8211; ES"}]},{"@type":"WebSite","@id":"https:\/\/e-poster.com.br\/envio\/#website","url":"https:\/\/e-poster.com.br\/envio\/","name":"E-poster","description":"A Revolu\u00e7\u00e3o dos Eventos Cient\u00edficos","publisher":{"@id":"https:\/\/e-poster.com.br\/envio\/#organization"},"potentialAction":[{"@type":"SearchAction","target":{"@type":"EntryPoint","urlTemplate":"https:\/\/e-poster.com.br\/envio\/?s={search_term_string}"},"query-input":"required name=search_term_string"}],"inLanguage":"pt-BR"},{"@type":"Organization","@id":"https:\/\/e-poster.com.br\/envio\/#organization","name":"E-poster","url":"https:\/\/e-poster.com.br\/envio\/","logo":{"@type":"ImageObject","inLanguage":"pt-BR","@id":"https:\/\/e-poster.com.br\/envio\/#\/schema\/logo\/image\/","url":"https:\/\/e-poster.com.br\/wp-content\/uploads\/2016\/12\/logo-e-poster.png","contentUrl":"https:\/\/e-poster.com.br\/wp-content\/uploads\/2016\/12\/logo-e-poster.png","width":800,"height":240,"caption":"E-poster"},"image":{"@id":"https:\/\/e-poster.com.br\/envio\/#\/schema\/logo\/image\/"}}]}},"_links":{"self":[{"href":"https:\/\/e-poster.com.br\/envio\/wp-json\/wp\/v2\/pages\/4457","targetHints":{"allow":["GET"]}}],"collection":[{"href":"https:\/\/e-poster.com.br\/envio\/wp-json\/wp\/v2\/pages"}],"about":[{"href":"https:\/\/e-poster.com.br\/envio\/wp-json\/wp\/v2\/types\/page"}],"author":[{"embeddable":true,"href":"https:\/\/e-poster.com.br\/envio\/wp-json\/wp\/v2\/users\/1"}],"replies":[{"embeddable":true,"href":"https:\/\/e-poster.com.br\/envio\/wp-json\/wp\/v2\/comments?post=4457"}],"version-history":[{"count":4,"href":"https:\/\/e-poster.com.br\/envio\/wp-json\/wp\/v2\/pages\/4457\/revisions"}],"predecessor-version":[{"id":4500,"href":"https:\/\/e-poster.com.br\/envio\/wp-json\/wp\/v2\/pages\/4457\/revisions\/4500"}],"wp:featuredmedia":[{"embeddable":true,"href":"https:\/\/e-poster.com.br\/envio\/wp-json\/wp\/v2\/media\/4456"}],"wp:attachment":[{"href":"https:\/\/e-poster.com.br\/envio\/wp-json\/wp\/v2\/media?parent=4457"}],"curies":[{"name":"wp","href":"https:\/\/api.w.org\/{rel}","templated":true}]}}