{"id":4462,"date":"2026-02-03T07:09:23","date_gmt":"2026-02-03T10:09:23","guid":{"rendered":"https:\/\/e-poster.com.br\/envio\/?page_id=4462"},"modified":"2026-02-03T07:17:22","modified_gmt":"2026-02-03T10:17:22","slug":"cuidadospaliativos","status":"publish","type":"page","link":"https:\/\/e-poster.com.br\/envio\/cuidadospaliativos\/","title":{"rendered":"ENVIO DE E-POSTER ANCP\/ALCP 2026"},"content":{"rendered":"<p>[vc_row][vc_column][vc_single_image image=&#8221;4450&#8243; img_size=&#8221;full&#8221; alignment=&#8221;center&#8221;][vc_empty_space height=&#8221;15px&#8221;][vc_empty_space height=&#8221;15px&#8221;][vc_empty_space height=&#8221;15px&#8221;][\/vc_column][\/vc_row][vc_row][vc_column width=&#8221;1\/2&#8243;][vc_single_image image=&#8221;4464&#8243; img_size=&#8221;full&#8221; alignment=&#8221;center&#8221; onclick=&#8221;custom_link&#8221; link=&#8221;https:\/\/e-poster.com.br\/envio\/ancp2026\/&#8221;][vc_empty_space height=&#8221;200px&#8221;][\/vc_column][vc_column width=&#8221;1\/2&#8243;][vc_single_image image=&#8221;4466&#8243; img_size=&#8221;full&#8221; alignment=&#8221;center&#8221; onclick=&#8221;custom_link&#8221; link=&#8221;https:\/\/e-poster.com.br\/envio\/alcp2026\/&#8221;][vc_empty_space height=&#8221;200px&#8221;][\/vc_column][\/vc_row]<\/p>\n","protected":false},"excerpt":{"rendered":"<p>[vc_row][vc_column][vc_single_image image=&#8221;4450&#8243; img_size=&#8221;full&#8221; alignment=&#8221;center&#8221;][vc_empty_space height=&#8221;15px&#8221;][vc_empty_space height=&#8221;15px&#8221;][vc_empty_space height=&#8221;15px&#8221;][\/vc_column][\/vc_row][vc_row][vc_column width=&#8221;1\/2&#8243;][vc_single_image image=&#8221;4464&#8243; img_size=&#8221;full&#8221; alignment=&#8221;center&#8221; onclick=&#8221;custom_link&#8221; link=&#8221;https:\/\/e-poster.com.br\/envio\/ancp2026\/&#8221;][vc_empty_space height=&#8221;200px&#8221;][\/vc_column][vc_column width=&#8221;1\/2&#8243;][vc_single_image image=&#8221;4466&#8243; img_size=&#8221;full&#8221; alignment=&#8221;center&#8221; onclick=&#8221;custom_link&#8221; link=&#8221;https:\/\/e-poster.com.br\/envio\/alcp2026\/&#8221;][vc_empty_space height=&#8221;200px&#8221;][\/vc_column][\/vc_row]<\/p>\n","protected":false},"author":1,"featured_media":4456,"parent":0,"menu_order":0,"comment_status":"closed","ping_status":"closed","template":"","meta":{"footnotes":""},"class_list":["post-4462","page","type-page","status-publish","has-post-thumbnail","hentry"],"yoast_head":"<!-- This site is optimized with the Yoast SEO plugin v20.13 - https:\/\/yoast.com\/wordpress\/plugins\/seo\/ -->\n<title>ENVIO DE E-POSTER ANCP\/ALCP 2026 - E-poster<\/title>\n<meta name=\"description\" content=\"SUBMISS\u00c3O E-POSTER\" \/>\n<meta name=\"robots\" content=\"index, follow, max-snippet:-1, max-image-preview:large, max-video-preview:-1\" \/>\n<link rel=\"canonical\" href=\"https:\/\/e-poster.com.br\/envio\/cuidadospaliativos\/\" \/>\n<meta property=\"og:locale\" content=\"pt_BR\" \/>\n<meta property=\"og:type\" content=\"article\" \/>\n<meta property=\"og:title\" content=\"ENVIO DE E-POSTER ANCP\/ALCP 2026 - E-poster\" \/>\n<meta property=\"og:description\" content=\"SUBMISS\u00c3O E-POSTER\" \/>\n<meta property=\"og:url\" content=\"https:\/\/e-poster.com.br\/envio\/cuidadospaliativos\/\" \/>\n<meta property=\"og:site_name\" content=\"E-poster\" \/>\n<meta property=\"article:modified_time\" content=\"2026-02-03T10:17:22+00:00\" \/>\n<meta property=\"og:image\" content=\"http:\/\/e-poster.com.br\/envio\/wp-content\/uploads\/2026\/02\/dstk.jpg\" \/>\n\t<meta property=\"og:image:width\" content=\"1080\" \/>\n\t<meta property=\"og:image:height\" content=\"1080\" \/>\n\t<meta property=\"og:image:type\" content=\"image\/jpeg\" \/>\n<meta name=\"twitter:card\" content=\"summary_large_image\" \/>\n<meta name=\"twitter:label1\" content=\"Est. tempo de leitura\" \/>\n\t<meta name=\"twitter:data1\" content=\"1 minuto\" \/>\n<script type=\"application\/ld+json\" class=\"yoast-schema-graph\">{\"@context\":\"https:\/\/schema.org\",\"@graph\":[{\"@type\":\"WebPage\",\"@id\":\"https:\/\/e-poster.com.br\/envio\/cuidadospaliativos\/\",\"url\":\"https:\/\/e-poster.com.br\/envio\/cuidadospaliativos\/\",\"name\":\"ENVIO DE E-POSTER ANCP\/ALCP 2026 - E-poster\",\"isPartOf\":{\"@id\":\"https:\/\/e-poster.com.br\/envio\/#website\"},\"datePublished\":\"2026-02-03T10:09:23+00:00\",\"dateModified\":\"2026-02-03T10:17:22+00:00\",\"description\":\"SUBMISS\u00c3O E-POSTER\",\"breadcrumb\":{\"@id\":\"https:\/\/e-poster.com.br\/envio\/cuidadospaliativos\/#breadcrumb\"},\"inLanguage\":\"pt-BR\",\"potentialAction\":[{\"@type\":\"ReadAction\",\"target\":[\"https:\/\/e-poster.com.br\/envio\/cuidadospaliativos\/\"]}]},{\"@type\":\"BreadcrumbList\",\"@id\":\"https:\/\/e-poster.com.br\/envio\/cuidadospaliativos\/#breadcrumb\",\"itemListElement\":[{\"@type\":\"ListItem\",\"position\":1,\"name\":\"In\u00edcio\",\"item\":\"https:\/\/e-poster.com.br\/envio\/\"},{\"@type\":\"ListItem\",\"position\":2,\"name\":\"ENVIO DE E-POSTER ANCP\/ALCP 2026\"}]},{\"@type\":\"WebSite\",\"@id\":\"https:\/\/e-poster.com.br\/envio\/#website\",\"url\":\"https:\/\/e-poster.com.br\/envio\/\",\"name\":\"E-poster\",\"description\":\"A Revolu\u00e7\u00e3o dos Eventos Cient\u00edficos\",\"publisher\":{\"@id\":\"https:\/\/e-poster.com.br\/envio\/#organization\"},\"potentialAction\":[{\"@type\":\"SearchAction\",\"target\":{\"@type\":\"EntryPoint\",\"urlTemplate\":\"https:\/\/e-poster.com.br\/envio\/?s={search_term_string}\"},\"query-input\":\"required name=search_term_string\"}],\"inLanguage\":\"pt-BR\"},{\"@type\":\"Organization\",\"@id\":\"https:\/\/e-poster.com.br\/envio\/#organization\",\"name\":\"E-poster\",\"url\":\"https:\/\/e-poster.com.br\/envio\/\",\"logo\":{\"@type\":\"ImageObject\",\"inLanguage\":\"pt-BR\",\"@id\":\"https:\/\/e-poster.com.br\/envio\/#\/schema\/logo\/image\/\",\"url\":\"https:\/\/e-poster.com.br\/wp-content\/uploads\/2016\/12\/logo-e-poster.png\",\"contentUrl\":\"https:\/\/e-poster.com.br\/wp-content\/uploads\/2016\/12\/logo-e-poster.png\",\"width\":800,\"height\":240,\"caption\":\"E-poster\"},\"image\":{\"@id\":\"https:\/\/e-poster.com.br\/envio\/#\/schema\/logo\/image\/\"}}]}<\/script>\n<!-- \/ Yoast SEO plugin. -->","yoast_head_json":{"title":"ENVIO DE E-POSTER ANCP\/ALCP 2026 - E-poster","description":"SUBMISS\u00c3O E-POSTER","robots":{"index":"index","follow":"follow","max-snippet":"max-snippet:-1","max-image-preview":"max-image-preview:large","max-video-preview":"max-video-preview:-1"},"canonical":"https:\/\/e-poster.com.br\/envio\/cuidadospaliativos\/","og_locale":"pt_BR","og_type":"article","og_title":"ENVIO DE E-POSTER ANCP\/ALCP 2026 - E-poster","og_description":"SUBMISS\u00c3O E-POSTER","og_url":"https:\/\/e-poster.com.br\/envio\/cuidadospaliativos\/","og_site_name":"E-poster","article_modified_time":"2026-02-03T10:17:22+00:00","og_image":[{"width":1080,"height":1080,"url":"http:\/\/e-poster.com.br\/envio\/wp-content\/uploads\/2026\/02\/dstk.jpg","type":"image\/jpeg"}],"twitter_card":"summary_large_image","twitter_misc":{"Est. tempo de leitura":"1 minuto"},"schema":{"@context":"https:\/\/schema.org","@graph":[{"@type":"WebPage","@id":"https:\/\/e-poster.com.br\/envio\/cuidadospaliativos\/","url":"https:\/\/e-poster.com.br\/envio\/cuidadospaliativos\/","name":"ENVIO DE E-POSTER ANCP\/ALCP 2026 - E-poster","isPartOf":{"@id":"https:\/\/e-poster.com.br\/envio\/#website"},"datePublished":"2026-02-03T10:09:23+00:00","dateModified":"2026-02-03T10:17:22+00:00","description":"SUBMISS\u00c3O E-POSTER","breadcrumb":{"@id":"https:\/\/e-poster.com.br\/envio\/cuidadospaliativos\/#breadcrumb"},"inLanguage":"pt-BR","potentialAction":[{"@type":"ReadAction","target":["https:\/\/e-poster.com.br\/envio\/cuidadospaliativos\/"]}]},{"@type":"BreadcrumbList","@id":"https:\/\/e-poster.com.br\/envio\/cuidadospaliativos\/#breadcrumb","itemListElement":[{"@type":"ListItem","position":1,"name":"In\u00edcio","item":"https:\/\/e-poster.com.br\/envio\/"},{"@type":"ListItem","position":2,"name":"ENVIO DE E-POSTER ANCP\/ALCP 2026"}]},{"@type":"WebSite","@id":"https:\/\/e-poster.com.br\/envio\/#website","url":"https:\/\/e-poster.com.br\/envio\/","name":"E-poster","description":"A Revolu\u00e7\u00e3o dos Eventos Cient\u00edficos","publisher":{"@id":"https:\/\/e-poster.com.br\/envio\/#organization"},"potentialAction":[{"@type":"SearchAction","target":{"@type":"EntryPoint","urlTemplate":"https:\/\/e-poster.com.br\/envio\/?s={search_term_string}"},"query-input":"required name=search_term_string"}],"inLanguage":"pt-BR"},{"@type":"Organization","@id":"https:\/\/e-poster.com.br\/envio\/#organization","name":"E-poster","url":"https:\/\/e-poster.com.br\/envio\/","logo":{"@type":"ImageObject","inLanguage":"pt-BR","@id":"https:\/\/e-poster.com.br\/envio\/#\/schema\/logo\/image\/","url":"https:\/\/e-poster.com.br\/wp-content\/uploads\/2016\/12\/logo-e-poster.png","contentUrl":"https:\/\/e-poster.com.br\/wp-content\/uploads\/2016\/12\/logo-e-poster.png","width":800,"height":240,"caption":"E-poster"},"image":{"@id":"https:\/\/e-poster.com.br\/envio\/#\/schema\/logo\/image\/"}}]}},"_links":{"self":[{"href":"https:\/\/e-poster.com.br\/envio\/wp-json\/wp\/v2\/pages\/4462","targetHints":{"allow":["GET"]}}],"collection":[{"href":"https:\/\/e-poster.com.br\/envio\/wp-json\/wp\/v2\/pages"}],"about":[{"href":"https:\/\/e-poster.com.br\/envio\/wp-json\/wp\/v2\/types\/page"}],"author":[{"embeddable":true,"href":"https:\/\/e-poster.com.br\/envio\/wp-json\/wp\/v2\/users\/1"}],"replies":[{"embeddable":true,"href":"https:\/\/e-poster.com.br\/envio\/wp-json\/wp\/v2\/comments?post=4462"}],"version-history":[{"count":3,"href":"https:\/\/e-poster.com.br\/envio\/wp-json\/wp\/v2\/pages\/4462\/revisions"}],"predecessor-version":[{"id":4467,"href":"https:\/\/e-poster.com.br\/envio\/wp-json\/wp\/v2\/pages\/4462\/revisions\/4467"}],"wp:featuredmedia":[{"embeddable":true,"href":"https:\/\/e-poster.com.br\/envio\/wp-json\/wp\/v2\/media\/4456"}],"wp:attachment":[{"href":"https:\/\/e-poster.com.br\/envio\/wp-json\/wp\/v2\/media?parent=4462"}],"curies":[{"name":"wp","href":"https:\/\/api.w.org\/{rel}","templated":true}]}}